{"id":22556,"date":"2024-12-03T12:27:03","date_gmt":"2024-12-03T11:27:03","guid":{"rendered":"https:\/\/papasclay.com\/product\/gris-3\/"},"modified":"2024-12-03T12:27:03","modified_gmt":"2024-12-03T11:27:03","slug":"gris-3","status":"publish","type":"product","link":"https:\/\/papasclay.com\/fr\/proizvod\/gris-3\/","title":{"rendered":"Gris"},"content":{"rendered":"<p>Papa&rsquo;s clay est une p\u00e2te \u00e0 modeler \u00e0 base de polym\u00e8re. Elle est tr\u00e8s facile \u00e0 travailler et sa structure est tr\u00e8s proche de celle de la p\u00e2te \u00e0 modeler.<\/p>\n<p>L&rsquo;argile polym\u00e8re est facile \u00e0 utiliser et peut \u00eatre utilis\u00e9e par les enfants et les adultes, les artistes, les artisans cr\u00e9atifs et les amateurs. Il est facile \u00e0 travailler et peut \u00eatre utilis\u00e9 pour fabriquer presque tout : des bijoux, des d\u00e9corations, divers objets artisanaux et des objets du quotidien. <\/p>\n<p>Il offre de telles possibilit\u00e9s que seule l\u2019imagination est la limite.<\/p>\n<p>Les emballages individuels sont de 60 et 250 g et sont produits en 40 couleurs diff\u00e9rentes.<\/p>\n","protected":false},"excerpt":{"rendered":"<p>Papa&rsquo;s clay est une p\u00e2te \u00e0 modeler \u00e0 base de polym\u00e8re. Elle est tr\u00e8s facile \u00e0 travailler et sa structure est tr\u00e8s proche de celle de la p\u00e2te \u00e0 modeler.<\/p>\n","protected":false},"featured_media":22691,"comment_status":"open","ping_status":"closed","template":"","meta":[],"product_brand":[],"product_cat":[471],"product_tag":[472,473],"class_list":{"0":"post-22556","1":"product","2":"type-product","3":"status-publish","4":"has-post-thumbnail","6":"product_cat-largile-de-papa","7":"product_tag-gris","8":"product_tag-gris-fr","10":"first","11":"instock","12":"shipping-taxable","13":"purchasable","14":"product-type-simple"},"yoast_head":"<!-- This site is optimized with the Yoast SEO plugin v27.2 - https:\/\/yoast.com\/product\/yoast-seo-wordpress\/ -->\n<title>Gris - Clay world<\/title>\n<meta name=\"robots\" content=\"index, follow, max-snippet:-1, max-image-preview:large, max-video-preview:-1\" \/>\n<link rel=\"canonical\" href=\"https:\/\/papasclay.com\/fr\/proizvod\/gris-3\/\" \/>\n<meta property=\"og:locale\" content=\"fr_FR\" \/>\n<meta property=\"og:type\" content=\"article\" \/>\n<meta property=\"og:title\" content=\"Gris - Clay world\" \/>\n<meta property=\"og:description\" content=\"Papa&#039;s clay est une p\u00e2te \u00e0 modeler \u00e0 base de polym\u00e8re. Elle est tr\u00e8s facile \u00e0 travailler et sa structure est tr\u00e8s proche de celle de la p\u00e2te \u00e0 modeler.\" \/>\n<meta property=\"og:url\" content=\"https:\/\/papasclay.com\/fr\/proizvod\/gris-3\/\" \/>\n<meta property=\"og:site_name\" content=\"Clay world\" \/>\n<meta property=\"og:image\" content=\"https:\/\/papasclay.com\/wp-content\/uploads\/2024\/11\/gray-black-pack-60.jpg\" \/>\n\t<meta property=\"og:image:width\" content=\"973\" \/>\n\t<meta property=\"og:image:height\" content=\"615\" \/>\n\t<meta property=\"og:image:type\" content=\"image\/jpeg\" \/>\n<meta name=\"twitter:card\" content=\"summary_large_image\" \/>\n<meta name=\"twitter:label1\" content=\"Dur\u00e9e de lecture estim\u00e9e\" \/>\n\t<meta name=\"twitter:data1\" content=\"1 minute\" \/>\n<script type=\"application\/ld+json\" class=\"yoast-schema-graph\">{\"@context\":\"https:\/\/schema.org\",\"@graph\":[{\"@type\":\"WebPage\",\"@id\":\"https:\/\/papasclay.com\/fr\/proizvod\/gris-3\/\",\"url\":\"https:\/\/papasclay.com\/fr\/proizvod\/gris-3\/\",\"name\":\"Gris - Clay world\",\"isPartOf\":{\"@id\":\"https:\/\/papasclay.com\/fr\/#website\"},\"primaryImageOfPage\":{\"@id\":\"https:\/\/papasclay.com\/fr\/proizvod\/gris-3\/#primaryimage\"},\"image\":{\"@id\":\"https:\/\/papasclay.com\/fr\/proizvod\/gris-3\/#primaryimage\"},\"thumbnailUrl\":\"https:\/\/papasclay.com\/wp-content\/uploads\/2024\/11\/gray-black-pack-60.jpg\",\"datePublished\":\"2024-12-03T11:27:03+00:00\",\"breadcrumb\":{\"@id\":\"https:\/\/papasclay.com\/fr\/proizvod\/gris-3\/#breadcrumb\"},\"inLanguage\":\"fr-FR\",\"potentialAction\":[{\"@type\":\"ReadAction\",\"target\":[\"https:\/\/papasclay.com\/fr\/proizvod\/gris-3\/\"]}]},{\"@type\":\"ImageObject\",\"inLanguage\":\"fr-FR\",\"@id\":\"https:\/\/papasclay.com\/fr\/proizvod\/gris-3\/#primaryimage\",\"url\":\"https:\/\/papasclay.com\/wp-content\/uploads\/2024\/11\/gray-black-pack-60.jpg\",\"contentUrl\":\"https:\/\/papasclay.com\/wp-content\/uploads\/2024\/11\/gray-black-pack-60.jpg\",\"width\":973,\"height\":615},{\"@type\":\"BreadcrumbList\",\"@id\":\"https:\/\/papasclay.com\/fr\/proizvod\/gris-3\/#breadcrumb\",\"itemListElement\":[{\"@type\":\"ListItem\",\"position\":1,\"name\":\"Home\",\"item\":\"https:\/\/papasclay.com\/fr\/\"},{\"@type\":\"ListItem\",\"position\":2,\"name\":\"Boutique\",\"item\":\"https:\/\/papasclay.com\/fr\/boutique\/\"},{\"@type\":\"ListItem\",\"position\":3,\"name\":\"Gris\"}]},{\"@type\":\"WebSite\",\"@id\":\"https:\/\/papasclay.com\/fr\/#website\",\"url\":\"https:\/\/papasclay.com\/fr\/\",\"name\":\"Clay world\",\"description\":\"Clay world\",\"publisher\":{\"@id\":\"https:\/\/papasclay.com\/fr\/#organization\"},\"potentialAction\":[{\"@type\":\"SearchAction\",\"target\":{\"@type\":\"EntryPoint\",\"urlTemplate\":\"https:\/\/papasclay.com\/fr\/?s={search_term_string}\"},\"query-input\":{\"@type\":\"PropertyValueSpecification\",\"valueRequired\":true,\"valueName\":\"search_term_string\"}}],\"inLanguage\":\"fr-FR\"},{\"@type\":\"Organization\",\"@id\":\"https:\/\/papasclay.com\/fr\/#organization\",\"name\":\"Clay world\",\"url\":\"https:\/\/papasclay.com\/fr\/\",\"logo\":{\"@type\":\"ImageObject\",\"inLanguage\":\"fr-FR\",\"@id\":\"https:\/\/papasclay.com\/fr\/#\/schema\/logo\/image\/\",\"url\":\"https:\/\/papasclay.com\/wp-content\/uploads\/2024\/12\/logo-mali.png\",\"contentUrl\":\"https:\/\/papasclay.com\/wp-content\/uploads\/2024\/12\/logo-mali.png\",\"width\":140,\"height\":70,\"caption\":\"Clay world\"},\"image\":{\"@id\":\"https:\/\/papasclay.com\/fr\/#\/schema\/logo\/image\/\"},\"sameAs\":[\"https:\/\/www.instagram.com\/papas_clay\/\",\"https:\/\/www.instagram.com\/papas_clay_serbia\/\"]}]}<\/script>\n<!-- \/ Yoast SEO plugin. -->","yoast_head_json":{"title":"Gris - Clay world","robots":{"index":"index","follow":"follow","max-snippet":"max-snippet:-1","max-image-preview":"max-image-preview:large","max-video-preview":"max-video-preview:-1"},"canonical":"https:\/\/papasclay.com\/fr\/proizvod\/gris-3\/","og_locale":"fr_FR","og_type":"article","og_title":"Gris - Clay world","og_description":"Papa's clay est une p\u00e2te \u00e0 modeler \u00e0 base de polym\u00e8re. Elle est tr\u00e8s facile \u00e0 travailler et sa structure est tr\u00e8s proche de celle de la p\u00e2te \u00e0 modeler.","og_url":"https:\/\/papasclay.com\/fr\/proizvod\/gris-3\/","og_site_name":"Clay world","og_image":[{"width":973,"height":615,"url":"https:\/\/papasclay.com\/wp-content\/uploads\/2024\/11\/gray-black-pack-60.jpg","type":"image\/jpeg"}],"twitter_card":"summary_large_image","twitter_misc":{"Dur\u00e9e de lecture estim\u00e9e":"1 minute"},"schema":{"@context":"https:\/\/schema.org","@graph":[{"@type":"WebPage","@id":"https:\/\/papasclay.com\/fr\/proizvod\/gris-3\/","url":"https:\/\/papasclay.com\/fr\/proizvod\/gris-3\/","name":"Gris - Clay world","isPartOf":{"@id":"https:\/\/papasclay.com\/fr\/#website"},"primaryImageOfPage":{"@id":"https:\/\/papasclay.com\/fr\/proizvod\/gris-3\/#primaryimage"},"image":{"@id":"https:\/\/papasclay.com\/fr\/proizvod\/gris-3\/#primaryimage"},"thumbnailUrl":"https:\/\/papasclay.com\/wp-content\/uploads\/2024\/11\/gray-black-pack-60.jpg","datePublished":"2024-12-03T11:27:03+00:00","breadcrumb":{"@id":"https:\/\/papasclay.com\/fr\/proizvod\/gris-3\/#breadcrumb"},"inLanguage":"fr-FR","potentialAction":[{"@type":"ReadAction","target":["https:\/\/papasclay.com\/fr\/proizvod\/gris-3\/"]}]},{"@type":"ImageObject","inLanguage":"fr-FR","@id":"https:\/\/papasclay.com\/fr\/proizvod\/gris-3\/#primaryimage","url":"https:\/\/papasclay.com\/wp-content\/uploads\/2024\/11\/gray-black-pack-60.jpg","contentUrl":"https:\/\/papasclay.com\/wp-content\/uploads\/2024\/11\/gray-black-pack-60.jpg","width":973,"height":615},{"@type":"BreadcrumbList","@id":"https:\/\/papasclay.com\/fr\/proizvod\/gris-3\/#breadcrumb","itemListElement":[{"@type":"ListItem","position":1,"name":"Home","item":"https:\/\/papasclay.com\/fr\/"},{"@type":"ListItem","position":2,"name":"Boutique","item":"https:\/\/papasclay.com\/fr\/boutique\/"},{"@type":"ListItem","position":3,"name":"Gris"}]},{"@type":"WebSite","@id":"https:\/\/papasclay.com\/fr\/#website","url":"https:\/\/papasclay.com\/fr\/","name":"Clay world","description":"Clay world","publisher":{"@id":"https:\/\/papasclay.com\/fr\/#organization"},"potentialAction":[{"@type":"SearchAction","target":{"@type":"EntryPoint","urlTemplate":"https:\/\/papasclay.com\/fr\/?s={search_term_string}"},"query-input":{"@type":"PropertyValueSpecification","valueRequired":true,"valueName":"search_term_string"}}],"inLanguage":"fr-FR"},{"@type":"Organization","@id":"https:\/\/papasclay.com\/fr\/#organization","name":"Clay world","url":"https:\/\/papasclay.com\/fr\/","logo":{"@type":"ImageObject","inLanguage":"fr-FR","@id":"https:\/\/papasclay.com\/fr\/#\/schema\/logo\/image\/","url":"https:\/\/papasclay.com\/wp-content\/uploads\/2024\/12\/logo-mali.png","contentUrl":"https:\/\/papasclay.com\/wp-content\/uploads\/2024\/12\/logo-mali.png","width":140,"height":70,"caption":"Clay world"},"image":{"@id":"https:\/\/papasclay.com\/fr\/#\/schema\/logo\/image\/"},"sameAs":["https:\/\/www.instagram.com\/papas_clay\/","https:\/\/www.instagram.com\/papas_clay_serbia\/"]}]}},"_links":{"self":[{"href":"https:\/\/papasclay.com\/fr\/wp-json\/wp\/v2\/product\/22556","targetHints":{"allow":["GET"]}}],"collection":[{"href":"https:\/\/papasclay.com\/fr\/wp-json\/wp\/v2\/product"}],"about":[{"href":"https:\/\/papasclay.com\/fr\/wp-json\/wp\/v2\/types\/product"}],"replies":[{"embeddable":true,"href":"https:\/\/papasclay.com\/fr\/wp-json\/wp\/v2\/comments?post=22556"}],"wp:featuredmedia":[{"embeddable":true,"href":"https:\/\/papasclay.com\/fr\/wp-json\/wp\/v2\/media\/22691"}],"wp:attachment":[{"href":"https:\/\/papasclay.com\/fr\/wp-json\/wp\/v2\/media?parent=22556"}],"wp:term":[{"taxonomy":"product_brand","embeddable":true,"href":"https:\/\/papasclay.com\/fr\/wp-json\/wp\/v2\/product_brand?post=22556"},{"taxonomy":"product_cat","embeddable":true,"href":"https:\/\/papasclay.com\/fr\/wp-json\/wp\/v2\/product_cat?post=22556"},{"taxonomy":"product_tag","embeddable":true,"href":"https:\/\/papasclay.com\/fr\/wp-json\/wp\/v2\/product_tag?post=22556"}],"curies":[{"name":"wp","href":"https:\/\/api.w.org\/{rel}","templated":true}]}}